{"id":8400,"date":"2025-02-19T15:31:46","date_gmt":"2025-02-19T12:31:46","guid":{"rendered":"https:\/\/turkhairinstitute.com\/turktalks\/"},"modified":"2025-03-26T12:00:32","modified_gmt":"2025-03-26T09:00:32","slug":"turktalks","status":"publish","type":"page","link":"https:\/\/turkhairinstitute.com\/de\/turktalks\/","title":{"rendered":"TURKtalks"},"content":{"rendered":"<style>.kb-row-layout-id8400_cc4501-8b > .kt-row-column-wrap{align-content:start;}:where(.kb-row-layout-id8400_cc4501-8b > .kt-row-column-wrap) > .wp-block-kadence-column{justify-content:start;}.kb-row-layout-id8400_cc4501-8b > .kt-row-column-wrap{column-gap:var(--global-kb-gap-md, 2rem);row-gap:var(--global-kb-gap-md, 2rem);max-width:var( --global-content-width, 1170px );padding-left:var(--global-content-edge-padding);padding-right:var(--global-content-edge-padding);padding-top:var(--global-kb-spacing-xxl, 5rem);padding-bottom:var(--global-kb-spacing-xxl, 5rem);grid-template-columns:minmax(0, 1fr);}.kb-row-layout-id8400_cc4501-8b > .kt-row-layout-overlay{opacity:0.30;}@media all and (max-width: 1024px){.kb-row-layout-id8400_cc4501-8b > .kt-row-column-wrap{grid-template-columns:minmax(0, 1fr);}}@media all and (max-width: 767px){.kb-row-layout-id8400_cc4501-8b > .kt-row-column-wrap{grid-template-columns:minmax(0, 1fr);}}<\/style><div class=\"kb-row-layout-wrap kb-row-layout-id8400_cc4501-8b alignfull has-theme-palette9-background-color kt-row-has-bg wp-block-kadence-rowlayout\"><div class=\"kt-row-column-wrap kt-has-1-columns kt-row-layout-equal kt-tab-layout-inherit kt-mobile-layout-row kt-row-valign-top kt-inner-column-height-full kb-theme-content-width\">\n<style>.kadence-column8400_a3f7c1-54 > .kt-inside-inner-col,.kadence-column8400_a3f7c1-54 > .kt-inside-inner-col:before{border-top-left-radius:0px;border-top-right-radius:0px;border-bottom-right-radius:0px;border-bottom-left-radius:0px;}.kadence-column8400_a3f7c1-54 > .kt-inside-inner-col{column-gap:var(--global-kb-gap-sm, 1rem);}.kadence-column8400_a3f7c1-54 > .kt-inside-inner-col{flex-direction:column;}.kadence-column8400_a3f7c1-54 > .kt-inside-inner-col > .aligncenter{width:100%;}.kadence-column8400_a3f7c1-54 > .kt-inside-inner-col:before{opacity:0.3;}.kadence-column8400_a3f7c1-54{position:relative;}@media all and (max-width: 1024px){.kadence-column8400_a3f7c1-54 > .kt-inside-inner-col{flex-direction:column;justify-content:center;}}@media all and (max-width: 767px){.kadence-column8400_a3f7c1-54 > .kt-inside-inner-col{flex-direction:column;justify-content:center;}}<\/style>\n<div class=\"wp-block-kadence-column kadence-column8400_a3f7c1-54\"><div class=\"kt-inside-inner-col\"><style>.kt-post-loop8400_3ed008-bc .kadence-post-image{padding-top:0px;padding-right:0px;padding-bottom:0px;padding-left:0px;}.kt-post-loop8400_3ed008-bc .kt-post-grid-wrap{gap:30px 30px;}.kt-post-loop8400_3ed008-bc .kt-blocks-post-grid-item{border-top-left-radius:10px;border-top-right-radius:10px;border-bottom-right-radius:10px;border-bottom-left-radius:10px;border-top-color:currentColor;border-top-style:solid;border-right-color:currentColor;border-right-style:solid;border-bottom-color:currentColor;border-bottom-style:solid;border-left-color:currentColor;border-left-style:solid;overflow:hidden;box-shadow:0px 0px 14px 0px rgba(0, 0, 0, 0.2);}.kt-post-loop8400_3ed008-bc .kt-blocks-post-grid-item .kt-blocks-post-grid-item-inner{padding-right:32px;padding-left:32px;}.kt-post-loop8400_3ed008-bc .kt-blocks-post-grid-item header{padding-top:var(--global-kb-spacing-md, 2rem);padding-right:var(--global-kb-spacing-md, 2rem);padding-bottom:0px;padding-left:var(--global-kb-spacing-md, 2rem);margin-top:-32px;margin-right:0px;margin-bottom:0px;margin-left:0px;background-color:var(--global-palette9, #ffffff);}.kt-post-loop8400_3ed008-bc .kt-blocks-post-grid-item .entry-title{color:var(--global-palette1, #3182CE);padding-top:10px;padding-right:0px;padding-bottom:5px;padding-left:0px;margin-top:0px;margin-right:0px;margin-bottom:0px;margin-left:0px;font-size:var(--global-kb-font-size-md, 1.25rem);line-height:1.4em;font-weight:bold;}.kt-post-loop8400_3ed008-bc .kt-blocks-post-grid-item .entry-title:hover{color:var(--global-palette1, #3182CE);}.kt-post-loop8400_3ed008-bc .kt-blocks-post-grid-item .kt-blocks-post-top-meta{color:var(--global-palette3, #1A202C);font-size:var(--global-kb-font-size-sm, 0.9rem);}.kt-post-loop8400_3ed008-bc .kt-blocks-post-grid-item .kt-blocks-post-top-meta a{color:var(--global-palette1, #3182CE);}.kt-post-loop8400_3ed008-bc .kt-blocks-post-grid-item .kt-blocks-post-top-meta a:hover{color:var(--global-palette2, #2B6CB0);}.kt-post-loop8400_3ed008-bc .entry-content{background-color:var(--global-palette9, #ffffff);color:#000000;padding-top:10px;padding-right:32px;padding-bottom:10px;padding-left:32px;margin-top:0px;margin-right:0px;margin-bottom:0px;margin-left:0px;}.kt-post-loop8400_3ed008-bc .kt-blocks-post-footer{border-top-width:0px;border-right-width:0px;border-bottom-width:0px;border-left-width:0px;padding-top:0px;padding-right:15px;padding-bottom:5px;padding-left:15px;margin-top:0px;margin-right:0px;margin-bottom:0px;margin-left:0px;}.kt-post-loop8400_3ed008-bc .entry-content:after{height:0px;}.kt-post-loop8400_3ed008-bc .entry-content .kt-blocks-post-readmore{background-color:var(--global-palette1, #3182CE);border-color:var(--global-palette1, #3182CE);color:var(--global-palette9, #ffffff);border-width:1px;border-radius:10px;padding-top:5px;padding-right:16px;padding-bottom:5px;padding-left:16px;margin-top:32px;margin-right:0px;margin-bottom:0px;margin-left:0px;}.kt-post-loop8400_3ed008-bc .entry-content .kt-blocks-post-readmore:hover{color:#ffffff;border-color:var(--global-palette2, #2B6CB0);background-color:var(--global-palette2, #2B6CB0);}.kt-post-loop8400_3ed008-bc .kb-filter-item{color:var(--global-palette3, #1A202C);border-radius:2px;border-top-width:0px;border-right-width:0px;border-bottom-width:2px;border-left-width:0px;padding-top:5px;padding-right:8px;padding-bottom:5px;padding-left:8px;margin-top:0px;margin-right:10px;margin-bottom:32px;margin-left:0px;font-size:var(--global-kb-font-size-sm, 0.9rem);text-transform:uppercase;}.kt-post-loop8400_3ed008-bc .kb-filter-item:hover, .kt-post-loop8400_3ed008-bc .kb-filter-item:focus{color:var(--global-palette2, #2B6CB0);}.kt-post-loop8400_3ed008-bc .kb-filter-item.is-active{color:var(--global-palette1, #3182CE);}@media all and (max-width: 1024px){.kt-post-loop8400_3ed008-bc .kt-blocks-post-grid-item{border-top-color:currentColor;border-top-style:solid;border-right-color:currentColor;border-right-style:solid;border-bottom-color:currentColor;border-bottom-style:solid;border-left-color:currentColor;border-left-style:solid;}}@media all and (max-width: 767px){.kt-post-loop8400_3ed008-bc .kt-blocks-post-grid-item{border-top-color:currentColor;border-top-style:solid;border-right-color:currentColor;border-right-style:solid;border-bottom-color:currentColor;border-bottom-style:solid;border-left-color:currentColor;border-left-style:solid;}}<\/style><div class=\"wp-block-kadence-postgrid kt-blocks-post-loop-block alignnone kt-post-loop8400_3ed008-bc kt-post-grid-layout-grid \"><div class=\"kt-post-grid-layout-grid-wrap kt-post-grid-wrap\" data-columns-xxl=\"2\" data-columns-xl=\"2\" data-columns-md=\"2\" data-columns-sm=\"2\" data-columns-xs=\"1\" data-columns-ss=\"1\"data-item-selector=\".kt-post-masonry-item\" aria-label=\"Post Carousel\"><p>No posts<\/p><\/div><\/div><!-- .wp-block-kadence-postgrid --><\/div><\/div>\n\n<\/div><\/div>\n\n<style>.kadence-column6572_55cb11-0f > .kt-inside-inner-col{padding-right:var(--global-kb-spacing-xl, 4rem);padding-left:var(--global-kb-spacing-xl, 4rem);}.kadence-column6572_55cb11-0f > .kt-inside-inner-col,.kadence-column6572_55cb11-0f > .kt-inside-inner-col:before{border-top-left-radius:0px;border-top-right-radius:0px;border-bottom-right-radius:0px;border-bottom-left-radius:0px;}.kadence-column6572_55cb11-0f > .kt-inside-inner-col{column-gap:var(--global-kb-gap-sm, 1rem);}.kadence-column6572_55cb11-0f > .kt-inside-inner-col{flex-direction:column;}.kadence-column6572_55cb11-0f > .kt-inside-inner-col > .aligncenter{width:100%;}.kadence-column6572_55cb11-0f > .kt-inside-inner-col{background-color:#dbe5e7;}.kadence-column6572_55cb11-0f > .kt-inside-inner-col:before{opacity:0.3;}.kadence-column6572_55cb11-0f{position:relative;}@media all and (max-width: 1024px){.kadence-column6572_55cb11-0f > .kt-inside-inner-col{flex-direction:column;justify-content:center;}}@media all and (max-width: 767px){.kadence-column6572_55cb11-0f > .kt-inside-inner-col{padding-right:var(--global-kb-spacing-xxs, 0.5rem);padding-left:var(--global-kb-spacing-xxs, 0.5rem);flex-direction:column;justify-content:center;}}<\/style>\n<div class=\"wp-block-kadence-column kadence-column6572_55cb11-0f\"><div class=\"kt-inside-inner-col\">\n<div class=\"main-container\">\n        <div id=\"particles-js\"><\/div>\n        <div class=\"content\">\n            <div style=\"margin: 0; padding: 20px; font-family: Arial, sans-serif;\">\n                <div style=\"position: relative; display: inline-block;\">\n                    <div class=\"responsive-text-bg\"\n                        style=\"font-size: 3rem; color: rgba(0, 0, 0, 0.04); font-weight: bold; position: relative; white-space: nowrap; left: 100px; top: 10px;\">\n                        Unsere Zentren<\/div>\n                    <div class=\"responsive-text-front\"\n                        style=\"font-size: 2rem; font-weight: bold; color: #7391a7; position: absolute; bottom: 10px; left: 0; display: flex; align-items: center; gap: 20px;\">\n                        Unsere Zentren\n                        <div style=\"width: 50px; height: 3px; background-color: #7391a7;\"><\/div>\n                    <\/div>\n                <\/div>\n            <\/div>\n            <div class=\"grid-container\">\n                <!-- T\u00fcrkiye -->\n                <div class=\"office-card\">\n                    <h3>T\u00fcrkei<\/h3>\n                    <img decoding=\"async\" src=\"https:\/\/turkhairinstitute.com\/wp-content\/uploads\/2025\/02\/bayrak66.png\" alt=\"\" title=\"\">\n                <\/div>\n\n                <!--  -->\n                <div class=\"office-card\">\n                    <h3>Deutschland<\/h3>\n                    <img decoding=\"async\" src=\"https:\/\/turkhairinstitute.com\/wp-content\/uploads\/2025\/02\/bayrak2.png\" alt=\"\" title=\"\">\n                <\/div>\n\n                <!-- \u0130talya -->\n                <div class=\"office-card\">\n                    <h3>Italien<\/h3>\n                    <img decoding=\"async\" src=\"https:\/\/turkhairinstitute.com\/wp-content\/uploads\/2025\/02\/bayrak1.png\" alt=\"\" title=\"\">\n                <\/div>\n\n                <!-- Amerika -->\n                <div class=\"office-card\">\n                    <h3>Amerika<\/h3>\n                    <img decoding=\"async\" src=\"https:\/\/turkhairinstitute.com\/wp-content\/uploads\/2025\/02\/bayrak4.png\" alt=\"\" title=\"\">\n                <\/div>\n\n                <!-- Hollanda -->\n                <div class=\"office-card\">\n                    <h3>England<\/h3>\n                    <img decoding=\"async\" src=\"https:\/\/turkhairinstitute.com\/wp-content\/uploads\/2026\/03\/Ingiltere-web-scaled.png\" alt=\"\" title=\"\">\n                <\/div>\n\n                <!-- Dominik -->\n                <div class=\"office-card\">\n                    <h3>Dominica<\/h3>\n                    <img decoding=\"async\" src=\"https:\/\/turkhairinstitute.com\/wp-content\/uploads\/2025\/02\/bayrak3.png\" alt=\"\" title=\"\">\n                <\/div>\n            <\/div>\n        <\/div>\n    <\/div>\n<\/div><\/div>\n\n\n\n<div class=\"footer-container\">\n    <div class=\"footer-contents\">\n        <div class=\"footer-section footer-logo-section\">\n            <div class=\"footer-logo\">\n                <img decoding=\"async\" src=\"https:\/\/turkhairinstitute.com\/wp-content\/uploads\/2025\/01\/cropped-Logo.mavi_-1-e1738323281969.png\" alt=\"Turk Hair Institute Logo\" title=\"\">\n            <\/div>\n\n            <div class=\"footer-contact\">\n                <div class=\"footer-section\">\n                    <div class=\"footer-social-media\">\n                        <a href=\"https:\/\/www.instagram.com\/turkhairinstitute\/\" target=\"_blank\" rel=\"noopener\"><i class=\"fab fa-instagram\"><\/i><\/a>\n                        <a href=\"https:\/\/www.youtube.com\/@THIOFFICAL\" target=\"_blank\" rel=\"noopener\"><i class=\"fab fa-youtube\"><\/i><\/a>\n                        <a href=\"https:\/\/www.facebook.com\/turkhairinstitutes\/\" target=\"_blank\" rel=\"noopener\"><i class=\"fab fa-facebook-f\"><\/i><\/a>\n                        <a href=\"https:\/\/www.linkedin.com\/company\/turkhairinstitute\" target=\"_blank\" rel=\"noopener\"><i class=\"fab fa-linkedin-in\"><\/i><\/a>\n                        <a href=\"https:\/\/www.tiktok.com\/@turkhairofficial\" target=\"_blank\" rel=\"noopener\"><i class=\"fab fa-tiktok\"><\/i><\/a>\n                    <\/div>\n                <\/div>\n                <a href=\"tel:+90 545 115 57 23\"><i class=\"fas fa-phone-alt\"><\/i>+90 545 115 57 23<\/a>\n                <a href=\"mailto:info@turkhairinstitute.com\"><i class=\"fas fa-envelope\"><\/i>\n                    info@turkhairinstitute.com<\/a>\n            <\/div>\n        <\/div>\n\n       \n\n        <div class=\"footer-section\">\n            \n            <ul>\n                <li><a href=\"https:\/\/turkhairinstitute.com\/kurumsal\/\"><i class=\"fas fa-arrow-right\"><\/i>Unternehmen<\/a><\/li>\n                <li><a href=\"https:\/\/turkhairinstitute.com\/kurumsal\/\"><i class=\"fas fa-arrow-right\"><\/i>Karriere<\/a><\/li>\n                <li><a href=\"https:\/\/turkhairinstitute.com\/kurumsal\/#basarilarimiz\"><i class=\"fas fa-arrow-right\"><\/i>Unsere Errungenschaften<\/a><\/li>\n                <li><a href=\"https:\/\/turkhairinstitute.com\/bize-ulasin\/\"><i class=\"fas fa-arrow-right\"><\/i>Kontakt<\/a><\/li>\n                <li><a href=\"https:\/\/turkhairinstitute.com\/sizi-dinliyoruz\/\"><i class=\"fas fa-arrow-right\"><\/i>Wir h\u00f6ren Ihnen zu<\/a><\/li>\n            <\/ul>\n        <\/div>\n<div class=\"footer-section\">\n            \n            <ul>\n                <li><a href=\"https:\/\/turkhairinstitute.com\/dr-hair\/\"><i class=\"fas fa-arrow-right\"><\/i>Dr.Hair<\/a><\/li>\n                <li><a href=\"https:\/\/turkhairinstitute.com\/dr-hair\/#sss\"><i class=\"fas fa-arrow-right\"><\/i>Wissensdatenbank<\/a><\/li>\n                <li><a href=\"https:\/\/turkhairinstitute.com\/turktalks\/\"><i class=\"fas fa-arrow-right\"><\/i>Turktalks<\/a><\/li>\n                <li><a href=\"https:\/\/turkhairinstitute.com\/blog\/\"><i class=\"fas fa-arrow-right\"><\/i>Blog<\/a><\/li>\n                <li><a href=\"https:\/\/turkhairinstitute.com\/blog\/\"><i class=\"fas fa-arrow-right\"><\/i>Nachrichten<\/a><\/li>\n               \n            <\/ul>\n        <\/div>\n        <div class=\"footer-section\">\n            \n            <ul>\n<li><a href=\"https:\/\/turkhairinstitute.com\/sartlar-ve-kosullar\/\"><i class=\"fas fa-arrow-right\"><\/i>Bedingungen und Konditionen<\/a><\/li>\n                <li><a href=\"https:\/\/turkhairinstitute.com\/sartlar-ve-kosullar\/#kvkk\"><i class=\"fas fa-arrow-right\"><\/i>Text zur Klarstellung<\/a><\/li>\n                <li><a href=\"https:\/\/turkhairinstitute.com\/sartlar-ve-kosullar\/#gizlilik\"><i class=\"fas fa-arrow-right\"><\/i>Cookie-Richtlinie<\/a><\/li>\n                <li><a href=\"https:\/\/turkhairinstitute.com\/sartlar-ve-kosullar\/#cerez\"><i class=\"fas fa-arrow-right\"><\/i>Datenschutzbestimmungen<\/a><\/li>\n<li><a href=\"#\"><i class=\"fas fa-arrow-right\"><\/i>Unsere Dokumente<\/a><\/li>\n            <\/ul>\n        <\/div>\n    <\/div>\n    <div class=\"footer-copyright\">\n        <p>&copy; 2025 Turk Hair Institute. Alle Rechte vorbehalten.<\/p>\n        <p class=\"last-update\">Letzte Aktualisierung: 19.02.2025<\/p>\n    <\/div>\n<\/div>\n\n\n\n<div class=\"custom-banner\">\n    <div class=\"custom-container\">\n        <div class=\"custom-text\">\n            <strong>10,000<\/strong> haben wir unseren Patienten zu dem Aussehen verholfen, das sie sich ertr\u00e4umt haben. Lassen Sie uns Teil Ihrer Verwandlungsreise sein.\n        <\/div>\n        <div class=\"custom-buttons\">\n<a href=\"#\" class=\" custom-btn muayene thi_floating_appointment_button_2024\">Kostenlose Pr\u00fcfung<\/a>\n            <a href=\"https:\/\/api.whatsapp.com\/send\/?phone=%2B905451155723&#038;text=Ich+kontaktiere+Sie+%C3%BCber+Ihre+Website&#038;type=phone_number&#038;app_absent=0\" class=\"custom-btn whatsapp\" target=\"_blank\" rel=\"noopener\">WhatsApp<\/a>\n            \n        <\/div>\n    <\/div>\n<\/div>\n\n\n\n<div class=\"popup-overlay\" id=\"formPopup\">\n        <div class=\"popup-form\">\n            <button class=\"close-btn\">&times;<\/button>\n            <figure class=\"wp-block-kadence-image kb-image476_5789cd-c0\">\n                <div class=\"kb-is-ratio-image\">\n                    <img decoding=\"async\" src=\"https:\/\/turkhairinstitute.com\/wp-content\/uploads\/2025\/02\/ddd-1.png\" alt=\"\" title=\"\">\n                <\/div>\n            <\/figure>\n            <div class=\"form-content\">\n                <p class=\"kt-adv-heading476_637fc0-77\">F\u00fcllen Sie das Formular aus und wir werden uns um Sie k\u00fcmmern!<\/p>\n                \n<div class=\"wpcf7 no-js\" id=\"wpcf7-f7111-o1\" lang=\"de-DE\" dir=\"ltr\" data-wpcf7-id=\"7111\">\n<div class=\"screen-reader-response\"><p role=\"status\" aria-live=\"polite\" aria-atomic=\"true\"><\/p> <ul><\/ul><\/div>\n<form action=\"\/de\/wp-json\/wp\/v2\/pages\/8400#wpcf7-f7111-o1\" method=\"post\" class=\"wpcf7-form init\" aria-label=\"Kontaktformular\" novalidate=\"novalidate\" data-status=\"init\">\n<fieldset class=\"hidden-fields-container\"><input type=\"hidden\" name=\"_wpcf7\" value=\"7111\" \/><input type=\"hidden\" name=\"_wpcf7_version\" value=\"6.1.3\" \/><input type=\"hidden\" name=\"_wpcf7_locale\" value=\"de_DE\" \/><input type=\"hidden\" name=\"_wpcf7_unit_tag\" value=\"wpcf7-f7111-o1\" \/><input type=\"hidden\" name=\"_wpcf7_container_post\" value=\"0\" \/><input type=\"hidden\" name=\"_wpcf7_posted_data_hash\" value=\"\" \/>\n<\/fieldset>\n<div class=\"wpcf7-turnstile cf-turnstile\" data-sitekey=\"0x4AAAAAABtTEaGrNcN6o6ow\" data-response-field-name=\"_wpcf7_turnstile_response\"><\/div>\n\n<div class=\"cf7-modern-form\">\n\t<div class=\"cf7-form-row\">\n\t\t<div class=\"cf7-form-column\">\n\t\t\t<p><span class=\"cf7-icon-wrapper icon-name\"><span class=\"wpcf7-form-control-wrap\" data-name=\"your-name\"><input size=\"40\" maxlength=\"400\" class=\"wpcf7-form-control wpcf7-text\" aria-invalid=\"false\" value=\"\" type=\"text\" name=\"your-name\" \/><\/span><\/span>\n\t\t\t<\/p>\n\t\t<\/div>\n\t\t<div class=\"cf7-form-column\">\n\t\t\t<p><span class=\"wpcf7-form-control-wrap\" data-name=\"phonetext\"><input size=\"40\" class=\"wpcf7-form-control wpcf7-phonetext wpcf7-text wpcf7-validates-as-phonetext\" data-numberonly=\"true\" aria-invalid=\"false\" value=\"\" type=\"text\" name=\"phonetext\" \/><input type=\"hidden\" name=\"phonetext-country-code\" class=\"wpcf7-phonetext-country-code\" \/><\/span>\n\t\t\t<\/p>\n\t\t<\/div>\n\t\t<div class=\"cf7-form-column\">\n\t\t\t<p><span class=\"cf7-icon-wrapper icon-email\"><span class=\"wpcf7-form-control-wrap\" data-name=\"email\"><input size=\"40\" maxlength=\"400\" class=\"wpcf7-form-control wpcf7-email wpcf7-text wpcf7-validates-as-email\" aria-invalid=\"false\" value=\"\" type=\"email\" name=\"email\" \/><\/span><\/span>\n\t\t\t<\/p>\n\t\t<\/div>\n\t<\/div>\n\t<p><span class=\"wpcf7-form-control-wrap\" data-name=\"checkbox-176\"><span class=\"wpcf7-form-control wpcf7-checkbox wpcf7-validates-as-required\"><span class=\"wpcf7-list-item first last\"><label><input type=\"checkbox\" name=\"checkbox-176[]\" value=\"Ich erkl\u00e4re mich mit der Verarbeitung meiner personenbezogenen Daten f\u00fcr Gesundheitsdienstleistungen gem\u00e4\u00df dem Gesetz \u00fcber den Schutz personenbezogener Daten einverstanden.\" \/><span class=\"wpcf7-list-item-label\">Ich erkl\u00e4re mich mit der Verarbeitung meiner personenbezogenen Daten f\u00fcr Gesundheitsdienstleistungen gem\u00e4\u00df dem Gesetz \u00fcber den Schutz personenbezogener Daten einverstanden.<\/span><\/label><\/span><\/span><\/span>\n\t<\/p>\n\t<p><input class=\"wpcf7-form-control wpcf7-submit has-spinner\" type=\"submit\" value=\"Senden\" \/>\n\t<\/p>\n\t<p><a href=\"https:\/\/api.whatsapp.com\/send\/?phone=%2B905451155723&amp;text&amp;type=phone_number&amp;app_absent=0\" class=\"cf7-whatsapp-button\" target=\"_blank\" rel=\"noopener\">WhatsApp<\/a>\n\t<\/p>\n<\/div><div class=\"wpcf7-response-output\" aria-hidden=\"true\"><\/div>\n<\/form>\n<\/div>\n\n            <\/div>\n        <\/div>\n    <\/div>\n\n    <div class=\"thi_floating_contact_widget_outer_2024\">\n        <div class=\"thi_floating_contact_widget_2024\">\n            <a href=\"#\" class=\"thi_floating_contact_button_2024 thi_floating_appointment_button_2024\">\n                <div class=\"thi_floating_contact_icon_wrapper_2024\">\n                    <svg xmlns=\"http:\/\/www.w3.org\/2000\/svg\" viewBox=\"0 0 24 24\" style=\"fill: #e7a73a;\">\n                        <path d=\"M12 2C6.48 2 2 6.48 2 12s4.48 10 10 10 10-4.48 10-10S17.52 2 12 2zm0 18c-4.41 0-8-3.59-8-8s3.59-8 8-8 8 3.59 8 8-3.59 8-8 8zm.5-13H11v6l5.25 3.15.75-1.23-4.5-2.67z\"\/>\n                    <\/svg>\n                <\/div>\n                <div class=\"thi_floating_contact_text_2024\">TERM\u0130N BUCHEN<\/div>\n            <\/a>\n            <a href=\"https:\/\/wa.me\/+905451155723\" class=\"thi_floating_contact_button_2024 thi_floating_whatsapp_button_2024\" target=\"_blank\" rel=\"noopener\">\n                <div class=\"thi_floating_contact_icon_wrapper_2024\">\n                    <i class=\"fab fa-whatsapp\"><\/i>\n                <\/div>\n                <div class=\"thi_floating_contact_text_2024\">WHATSAPP<\/div>\n            <\/a>\n        <\/div>\n    <\/div>\n","protected":false},"excerpt":{"rendered":"","protected":false},"author":4,"featured_media":0,"parent":0,"menu_order":0,"comment_status":"closed","ping_status":"closed","template":"","meta":{"_kad_blocks_custom_css":"","_kad_blocks_head_custom_js":"","_kad_blocks_body_custom_js":"","_kad_blocks_footer_custom_js":"","_kad_post_transparent":"disable","_kad_post_title":"hide","_kad_post_layout":"fullwidth","_kad_post_sidebar_id":"","_kad_post_content_style":"unboxed","_kad_post_vertical_padding":"hide","_kad_post_feature":"hide","_kad_post_feature_position":"","_kad_post_header":false,"_kad_post_footer":false,"footnotes":""},"class_list":["post-8400","page","type-page","status-publish","hentry"],"taxonomy_info":[],"featured_image_src_large":false,"author_info":{"display_name":"Turk Institute","author_link":"https:\/\/turkhairinstitute.com\/de\/author\/gane94b9i0qn9zqqtpfg\/"},"comment_info":0,"_links":{"self":[{"href":"https:\/\/turkhairinstitute.com\/de\/wp-json\/wp\/v2\/pages\/8400","targetHints":{"allow":["GET"]}}],"collection":[{"href":"https:\/\/turkhairinstitute.com\/de\/wp-json\/wp\/v2\/pages"}],"about":[{"href":"https:\/\/turkhairinstitute.com\/de\/wp-json\/wp\/v2\/types\/page"}],"author":[{"embeddable":true,"href":"https:\/\/turkhairinstitute.com\/de\/wp-json\/wp\/v2\/users\/4"}],"replies":[{"embeddable":true,"href":"https:\/\/turkhairinstitute.com\/de\/wp-json\/wp\/v2\/comments?post=8400"}],"version-history":[{"count":3,"href":"https:\/\/turkhairinstitute.com\/de\/wp-json\/wp\/v2\/pages\/8400\/revisions"}],"predecessor-version":[{"id":8403,"href":"https:\/\/turkhairinstitute.com\/de\/wp-json\/wp\/v2\/pages\/8400\/revisions\/8403"}],"wp:attachment":[{"href":"https:\/\/turkhairinstitute.com\/de\/wp-json\/wp\/v2\/media?parent=8400"}],"curies":[{"name":"wp","href":"https:\/\/api.w.org\/{rel}","templated":true}]}}